{"id":327028,"date":"2026-03-31T09:59:01","date_gmt":"2026-03-31T09:59:01","guid":{"rendered":"https:\/\/sigga.elitewebsolutions.io\/?page_id=327028"},"modified":"2026-04-08T13:50:23","modified_gmt":"2026-04-08T13:50:23","slug":"analytics","status":"publish","type":"page","link":"https:\/\/sigga.elitewebsolutions.io\/pt-br\/analytics\/","title":{"rendered":"Analytics"},"content":{"rendered":"","protected":false},"excerpt":{"rendered":"","protected":false},"author":1,"featured_media":0,"parent":0,"menu_order":0,"comment_status":"closed","ping_status":"closed","template":"","meta":{"_acf_changed":false,"inline_featured_image":false,"_et_pb_use_builder":"on","_et_pb_old_content":"","_et_gb_content_width":"","footnotes":""},"class_list":["post-327028","page","type-page","status-publish","hentry"],"acf":[],"yoast_head":"<!-- This site is optimized with the Yoast SEO plugin v27.3 - https:\/\/yoast.com\/product\/yoast-seo-wordpress\/ -->\n<title>Analytics | Turn maintenance data into actionable insights and better decisions<\/title>\n<meta name=\"description\" content=\"Turn maintenance data into actionable insights. Improve decision-making, optimize performance, and increase asset reliability.\" \/>\n<meta name=\"robots\" content=\"noindex, follow, max-snippet:-1, max-image-preview:large, max-video-preview:-1\" \/>\n<meta property=\"og:locale\" content=\"pt_BR\" \/>\n<meta property=\"og:type\" content=\"article\" \/>\n<meta property=\"og:title\" content=\"Analytics | Turn maintenance data into actionable insights and better decisions\" \/>\n<meta property=\"og:description\" content=\"Turn maintenance data into actionable insights. Improve decision-making, optimize performance, and increase asset reliability.\" \/>\n<meta property=\"og:url\" content=\"https:\/\/sigga.elitewebsolutions.io\/pt-br\/analytics\/\" \/>\n<meta property=\"og:site_name\" content=\"Sigga Technologies\" \/>\n<meta property=\"article:modified_time\" content=\"2026-04-08T13:50:23+00:00\" \/>\n<meta name=\"twitter:card\" content=\"summary_large_image\" \/>\n<meta name=\"twitter:label1\" content=\"Est. tempo de leitura\" \/>\n\t<meta name=\"twitter:data1\" content=\"1 minuto\" \/>\n<script type=\"application\/ld+json\" class=\"yoast-schema-graph\">{\"@context\":\"https:\\\/\\\/schema.org\",\"@graph\":[{\"@type\":\"WebPage\",\"@id\":\"https:\\\/\\\/sigga.elitewebsolutions.io\\\/analytics\\\/\",\"url\":\"https:\\\/\\\/sigga.elitewebsolutions.io\\\/analytics\\\/\",\"name\":\"Analytics | Turn maintenance data into actionable insights and better decisions\",\"isPartOf\":{\"@id\":\"https:\\\/\\\/sigga.elitewebsolutions.io\\\/#website\"},\"datePublished\":\"2026-03-31T09:59:01+00:00\",\"dateModified\":\"2026-04-08T13:50:23+00:00\",\"description\":\"Turn maintenance data into actionable insights. Improve decision-making, optimize performance, and increase asset reliability.\",\"breadcrumb\":{\"@id\":\"https:\\\/\\\/sigga.elitewebsolutions.io\\\/analytics\\\/#breadcrumb\"},\"inLanguage\":\"pt-BR\",\"potentialAction\":[{\"@type\":\"ReadAction\",\"target\":[\"https:\\\/\\\/sigga.elitewebsolutions.io\\\/analytics\\\/\"]}]},{\"@type\":\"BreadcrumbList\",\"@id\":\"https:\\\/\\\/sigga.elitewebsolutions.io\\\/analytics\\\/#breadcrumb\",\"itemListElement\":[{\"@type\":\"ListItem\",\"position\":1,\"name\":\"Home\",\"item\":\"https:\\\/\\\/sigga.elitewebsolutions.io\\\/\"},{\"@type\":\"ListItem\",\"position\":2,\"name\":\"Analytics\"}]},{\"@type\":\"WebSite\",\"@id\":\"https:\\\/\\\/sigga.elitewebsolutions.io\\\/#website\",\"url\":\"https:\\\/\\\/sigga.elitewebsolutions.io\\\/\",\"name\":\"Sigga Technologies\",\"description\":\"\",\"publisher\":{\"@id\":\"https:\\\/\\\/sigga.elitewebsolutions.io\\\/#organization\"},\"potentialAction\":[{\"@type\":\"SearchAction\",\"target\":{\"@type\":\"EntryPoint\",\"urlTemplate\":\"https:\\\/\\\/sigga.elitewebsolutions.io\\\/?s={search_term_string}\"},\"query-input\":{\"@type\":\"PropertyValueSpecification\",\"valueRequired\":true,\"valueName\":\"search_term_string\"}}],\"inLanguage\":\"pt-BR\"},{\"@type\":\"Organization\",\"@id\":\"https:\\\/\\\/sigga.elitewebsolutions.io\\\/#organization\",\"name\":\"Sigga Technologies\",\"url\":\"https:\\\/\\\/sigga.elitewebsolutions.io\\\/\",\"logo\":{\"@type\":\"ImageObject\",\"inLanguage\":\"pt-BR\",\"@id\":\"https:\\\/\\\/sigga.elitewebsolutions.io\\\/#\\\/schema\\\/logo\\\/image\\\/\",\"url\":\"https:\\\/\\\/sigga.elitewebsolutions.io\\\/wp-content\\\/uploads\\\/2024\\\/04\\\/logo.svg\",\"contentUrl\":\"https:\\\/\\\/sigga.elitewebsolutions.io\\\/wp-content\\\/uploads\\\/2024\\\/04\\\/logo.svg\",\"caption\":\"Sigga Technologies\"},\"image\":{\"@id\":\"https:\\\/\\\/sigga.elitewebsolutions.io\\\/#\\\/schema\\\/logo\\\/image\\\/\"}}]}<\/script>\n<!-- \/ Yoast SEO plugin. -->","yoast_head_json":{"title":"Analytics | Transforme dados de manuten\u00e7\u00e3o em insights acion\u00e1veis e melhores decis\u00f5es","description":"Transforme dados de manuten\u00e7\u00e3o em insights acion\u00e1veis. Melhore a tomada de decis\u00e3o, otimize a performance e aumente a confiabilidade dos ativos.","robots":{"index":"noindex","follow":"follow","max-snippet":"max-snippet:-1","max-image-preview":"max-image-preview:large","max-video-preview":"max-video-preview:-1"},"og_locale":"pt_BR","og_type":"article","og_title":"Analytics | Turn maintenance data into actionable insights and better decisions","og_description":"Turn maintenance data into actionable insights. Improve decision-making, optimize performance, and increase asset reliability.","og_url":"https:\/\/sigga.elitewebsolutions.io\/pt-br\/analytics\/","og_site_name":"Sigga Technologies","article_modified_time":"2026-04-08T13:50:23+00:00","twitter_card":"summary_large_image","twitter_misc":{"Est. tempo de leitura":"1 minuto"},"schema":{"@context":"https:\/\/schema.org","@graph":[{"@type":"WebPage","@id":"https:\/\/sigga.elitewebsolutions.io\/analytics\/","url":"https:\/\/sigga.elitewebsolutions.io\/analytics\/","name":"Analytics | Transforme dados de manuten\u00e7\u00e3o em insights acion\u00e1veis e melhores decis\u00f5es","isPartOf":{"@id":"https:\/\/sigga.elitewebsolutions.io\/#website"},"datePublished":"2026-03-31T09:59:01+00:00","dateModified":"2026-04-08T13:50:23+00:00","description":"Transforme dados de manuten\u00e7\u00e3o em insights acion\u00e1veis. Melhore a tomada de decis\u00e3o, otimize a performance e aumente a confiabilidade dos ativos.","breadcrumb":{"@id":"https:\/\/sigga.elitewebsolutions.io\/analytics\/#breadcrumb"},"inLanguage":"pt-BR","potentialAction":[{"@type":"ReadAction","target":["https:\/\/sigga.elitewebsolutions.io\/analytics\/"]}]},{"@type":"BreadcrumbList","@id":"https:\/\/sigga.elitewebsolutions.io\/analytics\/#breadcrumb","itemListElement":[{"@type":"ListItem","position":1,"name":"Home","item":"https:\/\/sigga.elitewebsolutions.io\/"},{"@type":"ListItem","position":2,"name":"Analytics"}]},{"@type":"WebSite","@id":"https:\/\/sigga.elitewebsolutions.io\/#website","url":"https:\/\/sigga.elitewebsolutions.io\/","name":"Sigga Technologies","description":"","publisher":{"@id":"https:\/\/sigga.elitewebsolutions.io\/#organization"},"potentialAction":[{"@type":"SearchAction","target":{"@type":"EntryPoint","urlTemplate":"https:\/\/sigga.elitewebsolutions.io\/?s={search_term_string}"},"query-input":{"@type":"PropertyValueSpecification","valueRequired":true,"valueName":"search_term_string"}}],"inLanguage":"pt-BR"},{"@type":"Organization","@id":"https:\/\/sigga.elitewebsolutions.io\/#organization","name":"Sigga Technologies","url":"https:\/\/sigga.elitewebsolutions.io\/","logo":{"@type":"ImageObject","inLanguage":"pt-BR","@id":"https:\/\/sigga.elitewebsolutions.io\/#\/schema\/logo\/image\/","url":"https:\/\/sigga.elitewebsolutions.io\/wp-content\/uploads\/2024\/04\/logo.svg","contentUrl":"https:\/\/sigga.elitewebsolutions.io\/wp-content\/uploads\/2024\/04\/logo.svg","caption":"Sigga Technologies"},"image":{"@id":"https:\/\/sigga.elitewebsolutions.io\/#\/schema\/logo\/image\/"}}]}},"_links":{"self":[{"href":"https:\/\/sigga.elitewebsolutions.io\/pt-br\/wp-json\/wp\/v2\/pages\/327028","targetHints":{"allow":["GET"]}}],"collection":[{"href":"https:\/\/sigga.elitewebsolutions.io\/pt-br\/wp-json\/wp\/v2\/pages"}],"about":[{"href":"https:\/\/sigga.elitewebsolutions.io\/pt-br\/wp-json\/wp\/v2\/types\/page"}],"author":[{"embeddable":true,"href":"https:\/\/sigga.elitewebsolutions.io\/pt-br\/wp-json\/wp\/v2\/users\/1"}],"replies":[{"embeddable":true,"href":"https:\/\/sigga.elitewebsolutions.io\/pt-br\/wp-json\/wp\/v2\/comments?post=327028"}],"version-history":[{"count":56,"href":"https:\/\/sigga.elitewebsolutions.io\/pt-br\/wp-json\/wp\/v2\/pages\/327028\/revisions"}],"predecessor-version":[{"id":328004,"href":"https:\/\/sigga.elitewebsolutions.io\/pt-br\/wp-json\/wp\/v2\/pages\/327028\/revisions\/328004"}],"wp:attachment":[{"href":"https:\/\/sigga.elitewebsolutions.io\/pt-br\/wp-json\/wp\/v2\/media?parent=327028"}],"curies":[{"name":"wp","href":"https:\/\/api.w.org\/{rel}","templated":true}]}}