{"id":4660,"date":"2024-05-13T11:53:23","date_gmt":"2024-05-13T11:53:23","guid":{"rendered":"https:\/\/sigga.elitewebsolutions.io\/?page_id=4660"},"modified":"2025-11-14T12:15:08","modified_gmt":"2025-11-14T12:15:08","slug":"schedule-a-demo","status":"publish","type":"page","link":"https:\/\/sigga.elitewebsolutions.io\/pt-br\/schedule-a-demo\/","title":{"rendered":"Agende uma Demonstra\u00e7\u00e3o"},"content":{"rendered":"","protected":false},"excerpt":{"rendered":"","protected":false},"author":1,"featured_media":0,"parent":0,"menu_order":0,"comment_status":"closed","ping_status":"closed","template":"","meta":{"_acf_changed":false,"inline_featured_image":false,"footnotes":""},"class_list":["post-4660","page","type-page","status-publish","hentry"],"acf":[],"yoast_head":"<!-- This site is optimized with the Yoast SEO plugin v26.9 - https:\/\/yoast.com\/product\/yoast-seo-wordpress\/ -->\n<title>Schedule a Demo - Sigga Technologies<\/title>\n<meta name=\"description\" content=\"Take advantage of our no code platform to adapt your software using agile software development methodologies for faster implementation. See how.\" \/>\n<meta name=\"robots\" content=\"noindex, follow, max-snippet:-1, max-image-preview:large, max-video-preview:-1\" \/>\n<meta property=\"og:locale\" content=\"pt_BR\" \/>\n<meta property=\"og:type\" content=\"article\" \/>\n<meta property=\"og:title\" content=\"Schedule a Demo - Sigga Technologies\" \/>\n<meta property=\"og:description\" content=\"Take advantage of our no code platform to adapt your software using agile software development methodologies for faster implementation. See how.\" \/>\n<meta property=\"og:url\" content=\"https:\/\/sigga.elitewebsolutions.io\/pt-br\/schedule-a-demo\/\" \/>\n<meta property=\"og:site_name\" content=\"Sigga Technologies\" \/>\n<meta property=\"article:modified_time\" content=\"2025-11-14T12:15:08+00:00\" \/>\n<meta name=\"twitter:card\" content=\"summary_large_image\" \/>\n<script type=\"application\/ld+json\" class=\"yoast-schema-graph\">{\"@context\":\"https:\/\/schema.org\",\"@graph\":[{\"@type\":\"WebPage\",\"@id\":\"https:\/\/sigga.elitewebsolutions.io\/schedule-a-demo\/\",\"url\":\"https:\/\/sigga.elitewebsolutions.io\/schedule-a-demo\/\",\"name\":\"Schedule a Demo - Sigga Technologies\",\"isPartOf\":{\"@id\":\"https:\/\/sigga.elitewebsolutions.io\/#website\"},\"datePublished\":\"2024-05-13T11:53:23+00:00\",\"dateModified\":\"2025-11-14T12:15:08+00:00\",\"description\":\"Take advantage of our no code platform to adapt your software using agile software development methodologies for faster implementation. See how.\",\"breadcrumb\":{\"@id\":\"https:\/\/sigga.elitewebsolutions.io\/schedule-a-demo\/#breadcrumb\"},\"inLanguage\":\"pt-BR\",\"potentialAction\":[{\"@type\":\"ReadAction\",\"target\":[\"https:\/\/sigga.elitewebsolutions.io\/schedule-a-demo\/\"]}]},{\"@type\":\"BreadcrumbList\",\"@id\":\"https:\/\/sigga.elitewebsolutions.io\/schedule-a-demo\/#breadcrumb\",\"itemListElement\":[{\"@type\":\"ListItem\",\"position\":1,\"name\":\"Home\",\"item\":\"https:\/\/sigga.elitewebsolutions.io\/\"},{\"@type\":\"ListItem\",\"position\":2,\"name\":\"Schedule a Demo\"}]},{\"@type\":\"WebSite\",\"@id\":\"https:\/\/sigga.elitewebsolutions.io\/#website\",\"url\":\"https:\/\/sigga.elitewebsolutions.io\/\",\"name\":\"Sigga Technologies\",\"description\":\"\",\"publisher\":{\"@id\":\"https:\/\/sigga.elitewebsolutions.io\/#organization\"},\"potentialAction\":[{\"@type\":\"SearchAction\",\"target\":{\"@type\":\"EntryPoint\",\"urlTemplate\":\"https:\/\/sigga.elitewebsolutions.io\/?s={search_term_string}\"},\"query-input\":{\"@type\":\"PropertyValueSpecification\",\"valueRequired\":true,\"valueName\":\"search_term_string\"}}],\"inLanguage\":\"pt-BR\"},{\"@type\":\"Organization\",\"@id\":\"https:\/\/sigga.elitewebsolutions.io\/#organization\",\"name\":\"Sigga Technologies\",\"url\":\"https:\/\/sigga.elitewebsolutions.io\/\",\"logo\":{\"@type\":\"ImageObject\",\"inLanguage\":\"pt-BR\",\"@id\":\"https:\/\/sigga.elitewebsolutions.io\/#\/schema\/logo\/image\/\",\"url\":\"https:\/\/sigga.elitewebsolutions.io\/wp-content\/uploads\/2024\/04\/logo.svg\",\"contentUrl\":\"https:\/\/sigga.elitewebsolutions.io\/wp-content\/uploads\/2024\/04\/logo.svg\",\"caption\":\"Sigga Technologies\"},\"image\":{\"@id\":\"https:\/\/sigga.elitewebsolutions.io\/#\/schema\/logo\/image\/\"}}]}<\/script>\n<!-- \/ Yoast SEO plugin. -->","yoast_head_json":{"title":"Agende uma Demonstra\u00e7\u00e3o - Sigga Technologies","description":"Aproveite nossa plataforma sem c\u00f3digo para adaptar seu software usando metodologias \u00e1geis de desenvolvimento de software para uma implementa\u00e7\u00e3o mais r\u00e1pida. Veja como.","robots":{"index":"noindex","follow":"follow","max-snippet":"max-snippet:-1","max-image-preview":"max-image-preview:large","max-video-preview":"max-video-preview:-1"},"og_locale":"pt_BR","og_type":"article","og_title":"Schedule a Demo - Sigga Technologies","og_description":"Take advantage of our no code platform to adapt your software using agile software development methodologies for faster implementation. See how.","og_url":"https:\/\/sigga.elitewebsolutions.io\/pt-br\/schedule-a-demo\/","og_site_name":"Sigga Technologies","article_modified_time":"2025-11-14T12:15:08+00:00","twitter_card":"summary_large_image","schema":{"@context":"https:\/\/schema.org","@graph":[{"@type":"WebPage","@id":"https:\/\/sigga.elitewebsolutions.io\/schedule-a-demo\/","url":"https:\/\/sigga.elitewebsolutions.io\/schedule-a-demo\/","name":"Agende uma Demonstra\u00e7\u00e3o - Sigga Technologies","isPartOf":{"@id":"https:\/\/sigga.elitewebsolutions.io\/#website"},"datePublished":"2024-05-13T11:53:23+00:00","dateModified":"2025-11-14T12:15:08+00:00","description":"Aproveite nossa plataforma sem c\u00f3digo para adaptar seu software usando metodologias \u00e1geis de desenvolvimento de software para uma implementa\u00e7\u00e3o mais r\u00e1pida. Veja como.","breadcrumb":{"@id":"https:\/\/sigga.elitewebsolutions.io\/schedule-a-demo\/#breadcrumb"},"inLanguage":"pt-BR","potentialAction":[{"@type":"ReadAction","target":["https:\/\/sigga.elitewebsolutions.io\/schedule-a-demo\/"]}]},{"@type":"BreadcrumbList","@id":"https:\/\/sigga.elitewebsolutions.io\/schedule-a-demo\/#breadcrumb","itemListElement":[{"@type":"ListItem","position":1,"name":"Home","item":"https:\/\/sigga.elitewebsolutions.io\/"},{"@type":"ListItem","position":2,"name":"Schedule a Demo"}]},{"@type":"WebSite","@id":"https:\/\/sigga.elitewebsolutions.io\/#website","url":"https:\/\/sigga.elitewebsolutions.io\/","name":"Sigga Technologies","description":"","publisher":{"@id":"https:\/\/sigga.elitewebsolutions.io\/#organization"},"potentialAction":[{"@type":"SearchAction","target":{"@type":"EntryPoint","urlTemplate":"https:\/\/sigga.elitewebsolutions.io\/?s={search_term_string}"},"query-input":{"@type":"PropertyValueSpecification","valueRequired":true,"valueName":"search_term_string"}}],"inLanguage":"pt-BR"},{"@type":"Organization","@id":"https:\/\/sigga.elitewebsolutions.io\/#organization","name":"Sigga Technologies","url":"https:\/\/sigga.elitewebsolutions.io\/","logo":{"@type":"ImageObject","inLanguage":"pt-BR","@id":"https:\/\/sigga.elitewebsolutions.io\/#\/schema\/logo\/image\/","url":"https:\/\/sigga.elitewebsolutions.io\/wp-content\/uploads\/2024\/04\/logo.svg","contentUrl":"https:\/\/sigga.elitewebsolutions.io\/wp-content\/uploads\/2024\/04\/logo.svg","caption":"Sigga Technologies"},"image":{"@id":"https:\/\/sigga.elitewebsolutions.io\/#\/schema\/logo\/image\/"}}]}},"_links":{"self":[{"href":"https:\/\/sigga.elitewebsolutions.io\/pt-br\/wp-json\/wp\/v2\/pages\/4660","targetHints":{"allow":["GET"]}}],"collection":[{"href":"https:\/\/sigga.elitewebsolutions.io\/pt-br\/wp-json\/wp\/v2\/pages"}],"about":[{"href":"https:\/\/sigga.elitewebsolutions.io\/pt-br\/wp-json\/wp\/v2\/types\/page"}],"author":[{"embeddable":true,"href":"https:\/\/sigga.elitewebsolutions.io\/pt-br\/wp-json\/wp\/v2\/users\/1"}],"replies":[{"embeddable":true,"href":"https:\/\/sigga.elitewebsolutions.io\/pt-br\/wp-json\/wp\/v2\/comments?post=4660"}],"version-history":[{"count":24,"href":"https:\/\/sigga.elitewebsolutions.io\/pt-br\/wp-json\/wp\/v2\/pages\/4660\/revisions"}],"predecessor-version":[{"id":322332,"href":"https:\/\/sigga.elitewebsolutions.io\/pt-br\/wp-json\/wp\/v2\/pages\/4660\/revisions\/322332"}],"wp:attachment":[{"href":"https:\/\/sigga.elitewebsolutions.io\/pt-br\/wp-json\/wp\/v2\/media?parent=4660"}],"curies":[{"name":"wp","href":"https:\/\/api.w.org\/{rel}","templated":true}]}}